{"id":53,"date":"2015-01-06T13:23:08","date_gmt":"2015-01-06T13:23:08","guid":{"rendered":"http:\/\/dautermann-ingenieure.de\/?page_id=53"},"modified":"2018-08-06T12:23:36","modified_gmt":"2018-08-06T12:23:36","slug":"impressum","status":"publish","type":"page","link":"https:\/\/dautermann-ingenieure.de\/?page_id=53","title":{"rendered":"Impressum"},"content":{"rendered":"<h3><strong><span style=\"color: #253f70;\">Angaben gem\u00e4\u00df \u00a7 5 TMG<\/span><\/strong><\/h3>\n<p>DAUTERMANN INGENIEURE GmbH<br \/>\nBehringstra\u00dfe 11a<br \/>\n82152 Planegg<\/p>\n<h3><strong><span style=\"color: #253f70;\">Vertreten durch<\/span><\/strong><\/h3>\n<p>Herrn Georg Dautermann<br \/>\nHerrn Dominic Dautermann<\/p>\n<h3><strong><span style=\"color: #253f70;\">Kontakt<\/span><\/strong><\/h3>\n<table>\n<tbody>\n<tr>\n<td>Telefon:<\/td>\n<td>+49 (0)89 744 955 60<\/td>\n<\/tr>\n<tr>\n<td>E-Mail:<\/td>\n<td>info@dautermann-ingenieure.de<\/td>\n<\/tr>\n<\/tbody>\n<\/table>\n<h3><strong><span style=\"color: #253f70;\">Registereintrag<\/span><\/strong><\/h3>\n<p>Eintragung im Handelsregister.<br \/>\nRegistergericht: Amtsgericht M\u00fcnchen<br \/>\nRegisternummer: HRB 216152<\/p>\n<h3><strong><span style=\"color: #253f70;\">Umsatzsteuer-ID<\/span><\/strong><\/h3>\n<p>Umsatzsteuer-Identifikationsnummer gem\u00e4\u00df \u00a727 a Umsatzsteuergesetz:<br \/>\nDE 298361443<\/p>\n<h3><strong><span style=\"color: #253f70;\">Aufsichtsbeh\u00f6rde<\/span><\/strong><\/h3>\n<p>Landratsamt M\u00fcnchen<\/p>\n<h3><strong><span style=\"color: #253f70;\">Angaben zur Berufshaftpflichtversicherung<\/span><\/strong><\/h3>\n<p>Name und Sitz der Gesellschaft:<\/p>\n<p>VHV Allgemeine Versicherung AG<br \/>\nVHV-Platz 1<br \/>\n30177 Hannover<\/p>\n<p>Geltungsraum der Versicherung: Deutschland<\/p>\n<h3><strong><span style=\"color: #253f70;\">Quellenangaben f\u00fcr die verwendeten Bilder und Grafiken<\/span><\/strong><\/h3>\n<p>DAUTERMANN INGENIEURE GmbH<\/p>\n<p>&nbsp;<\/p>\n<h3><strong><span style=\"color: #253f70;\">Haftungsausschluss (Disclaimer)<\/span><\/strong><\/h3>\n<h3><span style=\"color: #253f70;\"><strong>Haftung f\u00fcr Inhalte<\/strong><\/span><\/h3>\n<p>Als Diensteanbieter sind wir gem\u00e4\u00df \u00a7 7 Abs.1 TMG f\u00fcr eigene Inhalte auf diesen Seiten nach den allgemeinen Gesetzen verantwortlich. Nach \u00a7\u00a7 8 bis 10 TMG sind wir als Diensteanbieter jedoch nicht verpflichtet, \u00fcbermittelte oder gespeicherte fremde Informationen zu \u00fcberwachen oder nach Umst\u00e4nden zu forschen, die auf eine rechtswidrige T\u00e4tigkeit hinweisen. Verpflichtungen zur Entfernung oder Sperrung der Nutzung von Informationen nach den allgemeinen Gesetzen bleiben hiervon unber\u00fchrt. Eine diesbez\u00fcgliche Haftung ist jedoch erst ab dem Zeitpunkt der Kenntnis einer konkreten Rechtsverletzung m\u00f6glich. Bei Bekanntwerden von entsprechenden Rechtsverletzungen werden wir diese Inhalte umgehend entfernen.<\/p>\n<h3><span style=\"color: #253f70;\"><strong>Haftung f\u00fcr Links<\/strong><\/span><\/h3>\n<p>Unser Angebot enth\u00e4lt Links zu externen Webseiten Dritter, auf deren Inhalte wir keinen Einfluss haben. Deshalb k\u00f6nnen wir f\u00fcr diese fremden Inhalte auch keine Gew\u00e4hr \u00fcbernehmen. F\u00fcr die Inhalte der verlinkten Seiten ist stets der jeweilige Anbieter oder Betreiber der Seiten verantwortlich. Die verlinkten Seiten wurden zum Zeitpunkt der Verlinkung auf m\u00f6gliche Rechtsverst\u00f6\u00dfe \u00fcberpr\u00fcft. Rechtswidrige Inhalte waren zum Zeitpunkt der Verlinkung nicht erkennbar. Eine permanente inhaltliche Kontrolle der verlinkten Seiten ist jedoch ohne konkrete Anhaltspunkte einer Rechtsverletzung nicht zumutbar. Bei Bekanntwerden von Rechtsverletzungen werden wir derartige Links umgehend entfernen.<\/p>\n<h3><strong><span style=\"color: #253f70;\">Urheberrecht<\/span><\/strong><\/h3>\n<p>Die durch die Seitenbetreiber erstellten Inhalte und Werke auf diesen Seiten unterliegen dem deutschen Urheberrecht. Die Vervielf\u00e4ltigung, Bearbeitung, Verbreitung und jede Art der Verwertung au\u00dferhalb der Grenzen des Urheberrechtes bed\u00fcrfen der schriftlichen Zustimmung des jeweiligen Autors bzw. Erstellers. Downloads und Kopien dieser Seite sind nur f\u00fcr den privaten, nicht kommerziellen Gebrauch gestattet. Soweit die Inhalte auf dieser Seite nicht vom Betreiber erstellt wurden, werden die Urheberrechte Dritter beachtet. Insbesondere werden Inhalte Dritter als solche gekennzeichnet. Sollten Sie trotzdem auf eine Urheberrechtsverletzung aufmerksam werden, bitten wir um einen entsprechenden Hinweis. Bei Bekanntwerden von Rechtsverletzungen werden wir derartige Inhalte umgehend entfernen.<\/p>\n<p>Quelle: www.erecht24.de<\/p>\n<p>&nbsp;<\/p>\n","protected":false},"excerpt":{"rendered":"<p>Angaben gem\u00e4\u00df \u00a7 5 TMG DAUTERMANN INGENIEURE GmbH Behringstra\u00dfe 11a 82152 Planegg Vertreten durch Herrn Georg Dautermann Herrn Dominic Dautermann Kontakt Telefon: +49 (0)89 744 955 60 E-Mail: info@dautermann-ingenieure.de Registereintrag Eintragung im Handelsregister. Registergericht: Amtsgericht M\u00fcnchen Registernummer: HRB 216152 Umsatzsteuer-ID Umsatzsteuer-Identifikationsnummer gem\u00e4\u00df \u00a727 a Umsatzsteuergesetz: DE 298361443 Aufsichtsbeh\u00f6rde Landratsamt M\u00fcnchen Angaben zur Berufshaftpflichtversicherung Name und Sitz der Gesellschaft: VHV Allgemeine Versicherung AG VHV-Platz 1 30177 Hannover Geltungsraum der Versicherung: Deutschland&hellip; <\/p>\n","protected":false},"author":1,"featured_media":0,"parent":0,"menu_order":0,"comment_status":"closed","ping_status":"open","template":"layouts\/page-fullwidth.php","meta":{"ngg_post_thumbnail":0,"jetpack_post_was_ever_published":false,"footnotes":""},"class_list":["post-53","page","type-page","status-publish","hentry"],"jetpack_sharing_enabled":true,"jetpack_shortlink":"https:\/\/wp.me\/P5yOvP-R","_links":{"self":[{"href":"https:\/\/dautermann-ingenieure.de\/index.php?rest_route=\/wp\/v2\/pages\/53","targetHints":{"allow":["GET"]}}],"collection":[{"href":"https:\/\/dautermann-ingenieure.de\/index.php?rest_route=\/wp\/v2\/pages"}],"about":[{"href":"https:\/\/dautermann-ingenieure.de\/index.php?rest_route=\/wp\/v2\/types\/page"}],"author":[{"embeddable":true,"href":"https:\/\/dautermann-ingenieure.de\/index.php?rest_route=\/wp\/v2\/users\/1"}],"replies":[{"embeddable":true,"href":"https:\/\/dautermann-ingenieure.de\/index.php?rest_route=%2Fwp%2Fv2%2Fcomments&post=53"}],"version-history":[{"count":14,"href":"https:\/\/dautermann-ingenieure.de\/index.php?rest_route=\/wp\/v2\/pages\/53\/revisions"}],"predecessor-version":[{"id":377,"href":"https:\/\/dautermann-ingenieure.de\/index.php?rest_route=\/wp\/v2\/pages\/53\/revisions\/377"}],"wp:attachment":[{"href":"https:\/\/dautermann-ingenieure.de\/index.php?rest_route=%2Fwp%2Fv2%2Fmedia&parent=53"}],"curies":[{"name":"wp","href":"https:\/\/api.w.org\/{rel}","templated":true}]}}