{"id":32,"date":"2015-01-06T11:55:24","date_gmt":"2015-01-06T11:55:24","guid":{"rendered":"http:\/\/dautermann-ingenieure.de\/?page_id=32"},"modified":"2025-07-20T20:48:11","modified_gmt":"2025-07-20T20:48:11","slug":"team","status":"publish","type":"page","link":"https:\/\/dautermann-ingenieure.de\/?page_id=32","title":{"rendered":"Team"},"content":{"rendered":"<h1>Gesch\u00e4ftsf\u00fchrung<\/h1>\n<h3>Dipl.-Ing. Georg Dautermann<\/h3>\n<div class=\"su-row\">\n<div class=\"su-column su-column-size-3-4\"><div class=\"su-column-inner su-u-clearfix su-u-trim\"> Gesch\u00e4ftsf\u00fchrender Gesellschafter<\/p>\n<p>Studium des Bauingenieurwesens an der Fachhochschule M\u00fcnchen<br \/>\nmit dualer Berufsausbildung zum Maurer<\/p>\n<p>Beratender Ingenieur<br \/>\nBauvorlageberechtigt<br \/>\nBauwerkspr\u00fcfer nach DIN 1076<\/p>\n<p>Mitglied der Bayerischen Ingenieurekammer-Bau<\/div><\/div>\n<div class=\"su-column su-column-size-1-4\"><div class=\"su-column-inner su-u-clearfix su-u-trim\"> <img loading=\"lazy\" decoding=\"async\" class=\"alignleft size-medium wp-image-200\" src=\"https:\/\/dautermann-ingenieure.de\/wp-content\/uploads\/2017\/06\/Georg_Dautermann_2_aff_web-300x240.jpg\" alt=\"\" width=\"300\" height=\"240\" srcset=\"https:\/\/dautermann-ingenieure.de\/wp-content\/uploads\/2017\/06\/Georg_Dautermann_2_aff_web-300x240.jpg 300w, https:\/\/dautermann-ingenieure.de\/wp-content\/uploads\/2017\/06\/Georg_Dautermann_2_aff_web-768x614.jpg 768w, https:\/\/dautermann-ingenieure.de\/wp-content\/uploads\/2017\/06\/Georg_Dautermann_2_aff_web-1024x819.jpg 1024w, https:\/\/dautermann-ingenieure.de\/wp-content\/uploads\/2017\/06\/Georg_Dautermann_2_aff_web.jpg 1200w\" sizes=\"auto, (max-width: 300px) 100vw, 300px\" \/><\/div><\/div>\n<\/div>\n<h3>Dipl.-Ing. Dominic Dautermann<\/h3>\n<div class=\"su-row\">\n<div class=\"su-column su-column-size-3-4\"><div class=\"su-column-inner su-u-clearfix su-u-trim\"> Gesch\u00e4ftsf\u00fchrender Gesellschafter<\/p>\n<p>Studium des Bauingenieurwesens an der Hochschule M\u00fcnchen sowie der Technischen Universit\u00e4t M\u00fcnchen<\/p>\n<p>Beratender Ingenieur<br \/>\nZertifizierter Sachverst\u00e4ndiger f\u00fcr Brandschutz &#8211; Vorbeugender Brandschutz&nbsp; (Personenzertifizierung nach DIN EN ISO\/IEC 17024)<br \/>\nSachverst\u00e4ndiger f\u00fcr brandschutztechnische Bau- und Objekt\u00fcberwachung sowie geb\u00e4udetechnischen Brandschutz (EIPOS)<br \/>\nSachkundiger Planer f\u00fcr die Instandhaltung von Betonbauteilen<br \/>\nSicherheitsingenieur<br \/>\nBauvorlageberechtigt<br \/>\nNachweisberechtigt f\u00fcr den Brandschutz<\/p>\n<p>Mitglied der Bayerischen Ingenieurekammer-Bau<br \/>\nAktives Mitglied der Freiwilligen Feuerwehr M\u00fcnchen seit 2001<\/div><\/div>\n<div class=\"su-column su-column-size-1-4\"><div class=\"su-column-inner su-u-clearfix su-u-trim\"> <img loading=\"lazy\" decoding=\"async\" class=\"alignleft size-medium wp-image-199\" src=\"https:\/\/dautermann-ingenieure.de\/wp-content\/uploads\/2017\/06\/Dominic_Dautermann_3_aff_web-300x240.jpg\" alt=\"\" width=\"300\" height=\"240\" srcset=\"https:\/\/dautermann-ingenieure.de\/wp-content\/uploads\/2017\/06\/Dominic_Dautermann_3_aff_web-300x240.jpg 300w, https:\/\/dautermann-ingenieure.de\/wp-content\/uploads\/2017\/06\/Dominic_Dautermann_3_aff_web-768x614.jpg 768w, https:\/\/dautermann-ingenieure.de\/wp-content\/uploads\/2017\/06\/Dominic_Dautermann_3_aff_web-1024x819.jpg 1024w, https:\/\/dautermann-ingenieure.de\/wp-content\/uploads\/2017\/06\/Dominic_Dautermann_3_aff_web.jpg 1200w\" sizes=\"auto, (max-width: 300px) 100vw, 300px\" \/> <\/div><\/div>\n<\/div>\n<h1>Mitarbeiter<\/h1>\n<p>Unser Team besteht aus Bauingenieuren, spezialisiert auf unterschiedliche Schwerpunkte, und B\u00fcrokr\u00e4ften.<\/p>\n","protected":false},"excerpt":{"rendered":"<p>Gesch\u00e4ftsf\u00fchrung Dipl.-Ing. Georg Dautermann Dipl.-Ing. Dominic Dautermann Mitarbeiter Unser Team besteht aus Bauingenieuren, spezialisiert auf unterschiedliche Schwerpunkte, und B\u00fcrokr\u00e4ften.<\/p>\n","protected":false},"author":1,"featured_media":116,"parent":0,"menu_order":0,"comment_status":"closed","ping_status":"open","template":"layouts\/page-fullwidth.php","meta":{"ngg_post_thumbnail":0,"jetpack_post_was_ever_published":false,"footnotes":""},"class_list":["post-32","page","type-page","status-publish","has-post-thumbnail","hentry"],"jetpack_sharing_enabled":true,"jetpack_shortlink":"https:\/\/wp.me\/P5yOvP-w","_links":{"self":[{"href":"https:\/\/dautermann-ingenieure.de\/index.php?rest_route=\/wp\/v2\/pages\/32","targetHints":{"allow":["GET"]}}],"collection":[{"href":"https:\/\/dautermann-ingenieure.de\/index.php?rest_route=\/wp\/v2\/pages"}],"about":[{"href":"https:\/\/dautermann-ingenieure.de\/index.php?rest_route=\/wp\/v2\/types\/page"}],"author":[{"embeddable":true,"href":"https:\/\/dautermann-ingenieure.de\/index.php?rest_route=\/wp\/v2\/users\/1"}],"replies":[{"embeddable":true,"href":"https:\/\/dautermann-ingenieure.de\/index.php?rest_route=%2Fwp%2Fv2%2Fcomments&post=32"}],"version-history":[{"count":36,"href":"https:\/\/dautermann-ingenieure.de\/index.php?rest_route=\/wp\/v2\/pages\/32\/revisions"}],"predecessor-version":[{"id":388,"href":"https:\/\/dautermann-ingenieure.de\/index.php?rest_route=\/wp\/v2\/pages\/32\/revisions\/388"}],"wp:featuredmedia":[{"embeddable":true,"href":"https:\/\/dautermann-ingenieure.de\/index.php?rest_route=\/wp\/v2\/media\/116"}],"wp:attachment":[{"href":"https:\/\/dautermann-ingenieure.de\/index.php?rest_route=%2Fwp%2Fv2%2Fmedia&parent=32"}],"curies":[{"name":"wp","href":"https:\/\/api.w.org\/{rel}","templated":true}]}}