{"id":29,"date":"2015-01-06T11:52:31","date_gmt":"2015-01-06T11:52:31","guid":{"rendered":"http:\/\/dautermann-ingenieure.de\/?page_id=29"},"modified":"2022-03-29T07:44:52","modified_gmt":"2022-03-29T07:44:52","slug":"leistungen","status":"publish","type":"page","link":"https:\/\/dautermann-ingenieure.de\/?page_id=29","title":{"rendered":"Leistungen"},"content":{"rendered":"<p>Unser Leistungsspektrum umfasst schwerpunktsm\u00e4\u00dfig folgenden Themen:<\/p>\n<div class=\"symple-accordion \">\n<h3 class=\"symple-accordion-trigger \"><a href=\"#\">Planung und Bau\u00fcberwachung<\/a><\/h3><div class=\"symple-clearfix\"> Planung und Bau\u00fcberwachung f\u00fcr den Hoch- und Ingenieurbau.<\/p>\n<ul>\n<li>Grundlagenermittlung, Bestandsaufnahme<\/li>\n<li>Entwurf und Konzeptionierung<\/li>\n<li>Genehmigungsplanung, Abstimmung mit Beh\u00f6rden<\/li>\n<li>Ausschreibung und Mitwirken bei der Auftragsvergabe<\/li>\n<li>Objekt\u00fcberwachung (Bau\u00fcberwachung)<\/li>\n<li>Dokumentation, M\u00e4ngelverfolgung<\/li>\n<\/ul>\n<\/div>\n<h3 class=\"symple-accordion-trigger \"><a href=\"#\">Bauen im Bestand<\/a><\/h3><div class=\"symple-clearfix\"> Nicht zuletzt durch unsere langj\u00e4hrige Baut\u00e4tigkeit in bestehenden Geb\u00e4uden, k\u00f6nnen wir Ihnen unser umfangreiches Wissen bei Sanierungsma\u00dfnahmen, Modernisierungen oder Erweiterungsbauten anbieten.<\/p>\n<ul>\n<li>Grundlagenermittlung, Bestandsaufnahme<\/li>\n<li>Entwurf und Konzeptionierung<\/li>\n<li>Genehmigungsplanung, Abstimmung mit Beh\u00f6rden<\/li>\n<li>Ausschreibung und Mitwirken bei der Auftragsvergabe<\/li>\n<li>Objekt\u00fcberwachung (Bau\u00fcberwachung)<\/li>\n<li>Dokumentation, M\u00e4ngelverfolgung<\/li>\n<\/ul>\n<\/div>\n<h3 class=\"symple-accordion-trigger \"><a href=\"#\">Brandschutz<\/a><\/h3><div class=\"symple-clearfix\"> Brandschutz &#8211; ein brandhei\u00dfes, zunehmend wichtiges Thema. Nicht zuletzt unsere langj\u00e4hrige, praktische T\u00e4tigkeit im abwehrenden Brandschutz l\u00e4sst uns als verl\u00e4sslicher Partner in allen Belangen des vorbeugenden und abwehrenden Brandschutzes an Ihrer Seite stehen.<\/p>\n<ul>\n<li>Brandschutzberatung<\/li>\n<li>Brandschutzkonzepte<\/li>\n<li>Brandschutzgutachten<\/li>\n<li>Qualit\u00e4tssicherung \/ Baubegleitung Brandschutz<\/li>\n<li>Fachbauleitung Brandschutz<\/li>\n<li>Brandschutztechnische Due-Diligence<\/li>\n<li>Stellung eines externen Brandschutzbeauftragten<\/li>\n<li>Feuerwehr-Einsatzpl\u00e4ne nach DIN 14095<\/li>\n<li>Feuerwehrlaufkarten nach DIN 14675 \/ TAB<\/li>\n<li>Fluchtwegpl\u00e4ne nach DIN ISO 23601<\/li>\n<li>Brandschutzordnungen Teil A, -B, -C nach DIN 14096<\/li>\n<li>Feuerwehrbedarfsplanung<\/li>\n<li>Evakuierungskonzepte<\/li>\n<li>Brandsicherheitswachen<\/li>\n<li>Feuerbeschau<\/li>\n<li>Beratung in Fragen des organisatorischen Brandschutzes<\/li>\n<li>Brandschutzschulungen (Brandschutz- und R\u00e4umungshelfer, R\u00e4umungs\u00fcbungen, Feuerl\u00f6schtraining)<\/li>\n<\/ul>\n<\/div>\n<h3 class=\"symple-accordion-trigger \"><a href=\"#\">Bauwerkspr\u00fcfung und Instandsetzungsplanung<\/a><\/h3><div class=\"symple-clearfix\"> Beton- und Stahlbeton im Hoch- und Ingenieurbau.<\/p>\n<ul>\n<li>Bauwerkspr\u00fcfung nach DIN 1076<\/li>\n<li>Bauwerksuntersuchung<\/li>\n<li>Schadensaufnahme und -kartierung<\/li>\n<li>Instandsetzungsplanung \/ Sanierungskonzept<\/li>\n<li>Detailplanung<\/li>\n<li>Bau\u00fcberwachung<\/li>\n<li>Abnahme und Dokumentation<\/li>\n<\/ul>\n<\/div>\n<h3 class=\"symple-accordion-trigger \"><a href=\"#\">Koordination nach Baustellen-Verordnung<\/a><\/h3><div class=\"symple-clearfix\"> Sicherheit wird bei uns gro\u00df geschrieben. Damit Sie sich auf die relevanten Entscheidungen Ihres Bauvorhabens konzentrieren k\u00f6nnen, beraten wir Sie in allen Belangen der Koordination nach Baustellen-Verordnung.<\/p>\n<ul>\n<li>Erstellung der Vorank\u00fcndigung<\/li>\n<li>Aufstellen eines Sicherheits- und Gesundheitsschutzplanes<\/li>\n<li>Erstellung einer Baustellenordnung<\/li>\n<li>Beraten und Mitwirken bei der Erstellung von Leistungsverzeichnissen im Hinblick auf Arbeitssicherheit und Gesundheitsschutz<\/li>\n<li>Beraten und Mitwirken bei der Planung der Baustelleneinrichtung im Hinblick auf Arbeitssicherheit und Gesundheitsschutz<\/li>\n<li>Bekanntmachen der Sicherheits- und Gesundheitsschutzplanung und Erl\u00e4utern der festgelegten Ma\u00dfnahmen (Firmeneinweisungen)<\/li>\n<li>Anpassen und Fortschreiben des Sicherheits- und Gesundheitsschutzplanes<\/li>\n<li>Teilnahme an Baubesprechungen<\/li>\n<li>Durchf\u00fchrung von Schulungsma\u00dfnahmen<\/li>\n<li>Baustellenbegehungen mit stichprobenartiger \u00dcberpr\u00fcfung der festgelegten Ma\u00dfnahmen des Arbeits- und Gesundheitsschutzes<\/li>\n<li>Anpassen und Fortschreiben des Sicherheits- und Gesundheitsschutzplanes<\/li>\n<li>Erstellung einer Unterlage f\u00fcr sp\u00e4tere Arbeiten am Geb\u00e4ude<\/li>\n<\/ul>\n<\/div>\n<h3 class=\"symple-accordion-trigger \"><a href=\"#\">Projektmanagement und -steuerung<\/a><\/h3><div class=\"symple-clearfix\"> Bauen wird immer komplexer. Damit Sie den \u00dcberblick \u00fcber Ihr Bauvorhaben behalten und f\u00fcr die relevanten Entscheidungen den Kopf frei haben, \u00fcbernehmen wir f\u00fcr Sie das Projektmanagement oder die Projektsteuerung. So individuell wie Ihr Bauvorhaben ist, erhalten Sie bei uns ma\u00dfgeschneiderte, auf Ihre Bed\u00fcrfnisse zugeschnitte Leistungspakete.<\/p>\n<ul>\n<li>Projektleitung (Bauoberleitung oder delegierbare Bauherrenaufgaben)<\/li>\n<li>Projektorganisation und -dokumentation<\/li>\n<li>Terminplanung und -steuerung<\/li>\n<li>Kostenplanung und -kontrolle<\/li>\n<li>Qualit\u00e4tsplanung und Ermittlung der Planungsanforderungen<\/li>\n<li>Steuerung des Ausschreibungs- und Vergabeprozesses<\/li>\n<li>Qualit\u00e4tskontrollen w\u00e4hrend der Bauphase<\/li>\n<\/ul>\n<\/div>\n<h3 class=\"symple-accordion-trigger \"><a href=\"#\">Loxone - Planung und Programmierung<\/a><\/h3><div class=\"symple-clearfix\"> Intelligente Geb\u00e4udeautomatisierung, damit Ihr Geb\u00e4ude fit f\u00fcr die Zukunft ist.<\/p>\n<ul>\n<li>Planung und Beratung hinsichtlich der Geb\u00e4udeautomatisierung<\/li>\n<li>Programmierung der Geb\u00e4udeautomatisierung<\/li>\n<li>\u00c4nderungsprogrammierungen<\/li>\n<\/ul>\n<\/div>\n<\/div>\n","protected":false},"excerpt":{"rendered":"<p>Unser Leistungsspektrum umfasst schwerpunktsm\u00e4\u00dfig folgenden Themen:<\/p>\n","protected":false},"author":1,"featured_media":0,"parent":0,"menu_order":0,"comment_status":"closed","ping_status":"open","template":"layouts\/page-fullwidth.php","meta":{"ngg_post_thumbnail":0,"jetpack_post_was_ever_published":false,"footnotes":""},"class_list":["post-29","page","type-page","status-publish","hentry"],"jetpack_sharing_enabled":true,"jetpack_shortlink":"https:\/\/wp.me\/P5yOvP-t","_links":{"self":[{"href":"https:\/\/dautermann-ingenieure.de\/index.php?rest_route=\/wp\/v2\/pages\/29","targetHints":{"allow":["GET"]}}],"collection":[{"href":"https:\/\/dautermann-ingenieure.de\/index.php?rest_route=\/wp\/v2\/pages"}],"about":[{"href":"https:\/\/dautermann-ingenieure.de\/index.php?rest_route=\/wp\/v2\/types\/page"}],"author":[{"embeddable":true,"href":"https:\/\/dautermann-ingenieure.de\/index.php?rest_route=\/wp\/v2\/users\/1"}],"replies":[{"embeddable":true,"href":"https:\/\/dautermann-ingenieure.de\/index.php?rest_route=%2Fwp%2Fv2%2Fcomments&post=29"}],"version-history":[{"count":36,"href":"https:\/\/dautermann-ingenieure.de\/index.php?rest_route=\/wp\/v2\/pages\/29\/revisions"}],"predecessor-version":[{"id":381,"href":"https:\/\/dautermann-ingenieure.de\/index.php?rest_route=\/wp\/v2\/pages\/29\/revisions\/381"}],"wp:attachment":[{"href":"https:\/\/dautermann-ingenieure.de\/index.php?rest_route=%2Fwp%2Fv2%2Fmedia&parent=29"}],"curies":[{"name":"wp","href":"https:\/\/api.w.org\/{rel}","templated":true}]}}